{"id":1312,"date":"2022-11-27T15:46:45","date_gmt":"2022-11-27T15:46:45","guid":{"rendered":"https:\/\/lemoulindavree.com\/kontakt\/"},"modified":"2024-03-28T10:24:27","modified_gmt":"2024-03-28T10:24:27","slug":"kontakt","status":"publish","type":"page","link":"https:\/\/lemoulindavree.com\/de\/kontakt\/","title":{"rendered":"Kontakt"},"content":{"rendered":"<div class=\"wpb-content-wrapper\">[vc_row full_width=&#8220;stretch_row&#8220; content_placement=&#8220;middle&#8220; column_spacing=&#8220;60&#8243; equal_height=&#8220;yes&#8220; wpex_bg_overlay=&#8220;color&#8220; css=&#8220;.vc_custom_1673900570775{background-image: url(http:\/\/lemoulindavree.com\/wp-content\/uploads\/2023\/01\/Le-Moulin-de-Avree-achterkant.jpg?id=402) !important;background-position: center !important;background-repeat: no-repeat !important;background-size: cover !important;}&#8220; wpex_bg_overlay_color=&#8220;palette-298&#8243; wpex_bg_overlay_opacity=&#8220;0.50&#8243;][vc_column css=&#8220;.vc_custom_1669560175298{margin-top: 100px !important;}&#8220;][\/vc_column][vc_column width=&#8220;1\/2&#8243;]<style>.vcex-heading.vcex_69e4f9f92586c{color:#fff6ed;}<\/style><h1 class=\"vcex-heading vcex-heading-plain vcex-module wpex-heading wpex-text-2xl wpex-h1 wpex-text-left vcex_69e4f9f92586c\"><span class=\"vcex-heading-inner wpex-inline-block\">Kontakt aufnehmen<\/span><\/h1><div class=\"vcex-spacing wpex-w-100 wpex-clear\" style=\"height:15px;\"><\/div>[vc_column_text color=&#8220;#fff6ed&#8220; font_family=&#8220;Yeseva One&#8220; letter_spacing=&#8220;wide&#8220;]<strong>Haben Sie eine Frage oder einen Kommentar? Lassen Sie es uns wissen.<\/strong>[\/vc_column_text]<div class=\"vcex-spacing wpex-w-100 wpex-clear\" style=\"height:30px;\"><\/div>[vc_row_inner remove_bottom_col_margin=&#8220;true&#8220; css=&#8220;.vc_custom_1666767676428{margin-left: -30px !important;}&#8220;][vc_column_inner width=&#8220;1\/2&#8243;][\/vc_column_inner][vc_column_inner width=&#8220;1\/2&#8243;][\/vc_column_inner][\/vc_row_inner][\/vc_column][vc_column width=&#8220;1\/2&#8243;][\/vc_column][\/vc_row][vc_row content_placement=&#8220;top&#8220; column_spacing=&#8220;60&#8243; full_height=&#8220;yes&#8220; equal_height=&#8220;yes&#8220;][vc_column]<div class=\"vcex-spacing wpex-w-100 wpex-clear\" style=\"height:60px;\"><\/div>[\/vc_column][vc_column width=&#8220;1\/2&#8243;][vc_column_text color=&#8220;#742625&#8243;]Ob Sie eine Frage oder einen Kommentar zu unserem Ferienhaus oder etwas ganz anderes haben, z\u00f6gern Sie nicht, uns zu kontaktieren. Wir m\u00f6gen es einfach. Sie k\u00f6nnen uns per E-Mail, Telefon, WhatsApp oder \u00fcber das Kontaktformular auf dieser Seite erreichen. Wir werden so schnell wie m\u00f6glich antworten, um Ihre Fragen zu beantworten.[\/vc_column_text]<div class=\"vcex-spacing wpex-w-100 wpex-clear\"><\/div><style>.vcex-bullets.vcex_69e4f9f926c26 .vcex-bullets-icon{color:rgba(116,38,37,0.6);}.vcex-bullets.vcex_69e4f9f926c26{color:#742625;}<\/style><div class=\"vcex-module vcex-bullets vcex-bullets--vertical custom-icon vcex_69e4f9f926c26\">\n<ul role=\"list\">\n<li><div class=\"vcex-bullets-ci-wrap wpex-inline-flex\"><span class=\"vcex-bullets-icon-wrap vcex-icon-wrap wpex-mr-10\"><span class=\"vcex-bullets-icon vcex-icon fas fa-sun\" aria-hidden=\"true\"><\/span><\/span><div class=\"vcex-content wpex-flex-grow\"><strong>Henri Wolsink &amp; Joop Salomons<\/strong><\/div><\/div><\/li>\n<li><div class=\"vcex-bullets-ci-wrap wpex-inline-flex\"><span class=\"vcex-bullets-icon-wrap vcex-icon-wrap wpex-mr-10\"><span class=\"vcex-bullets-icon vcex-icon fas fa-sun\" aria-hidden=\"true\"><\/span><\/span><div class=\"vcex-content wpex-flex-grow\"><strong>Rufnummer:<\/strong> <a href=\"tel:+31651295152\">+ 31 6 51 29 51 52<\/a><\/div><\/div><\/li>\n<li><div class=\"vcex-bullets-ci-wrap wpex-inline-flex\"><span class=\"vcex-bullets-icon-wrap vcex-icon-wrap wpex-mr-10\"><span class=\"vcex-bullets-icon vcex-icon fas fa-sun\" aria-hidden=\"true\"><\/span><\/span><div class=\"vcex-content wpex-flex-grow\"><strong>Anschrift: <\/strong><a href=\"https:\/\/goo.gl\/maps\/CHoTWTShUyXRzCCo7\" target=\"_blank\" rel=\"noopener\">6 Route de Chiddes, 58170 Avr\u00e9e<\/a><\/div><\/div><\/li>\n<\/ul>\n<\/div><div class=\"vcex-spacing wpex-w-100 wpex-clear\" style=\"height:40px;\"><\/div>[vc_row_inner remove_bottom_col_margin=&#8220;true&#8220;][vc_column_inner width=&#8220;1\/3&#8243;]<style>.vcex-button.vcex_69e4f9f928370{border-radius:var(--wpex-rounded-md);background:var(--wpex-palette-298-color);color:#fff6ed!important;}.vcex-button.vcex_69e4f9f928370:hover{background:rgba(116,38,37,0.6)!important;color:#fff6ed!important;}<\/style><div class=\"vc_custom_1673969996898 wpex-clr\"><a href=\"tel:+31651295152\" class=\"vcex-button theme-button align-left inline vcex_69e4f9f928370\"><span class=\"vcex-button-inner theme-button-inner wpex-flex wpex-flex-wrap wpex-items-center wpex-justify-center\"><span class=\"vcex-button-icon vcex-icon-wrap theme-button-icon-left\"><span aria-hidden=\"true\" class=\"fas fa-phone\"><\/span><\/span>Rufen Sie uns an<\/span><\/a><\/div> [\/vc_column_inner][vc_column_inner width=&#8220;1\/3&#8243;]<style>.vcex-button.vcex_69e4f9f929f29{border-radius:var(--wpex-rounded-md);background:var(--wpex-palette-298-color);color:#fff6ed!important;padding-inline:15px;margin-inline-start:-;}.vcex-button.vcex_69e4f9f929f29:hover{background:rgba(116,38,37,0.6)!important;color:#fff6ed!important;}<\/style><div class=\"vc_custom_1673972899587 wpex-clr\"><a href=\"#contact\" class=\"vcex-button theme-button align-left inline local-scroll-link vcex_69e4f9f929f29\"><span class=\"vcex-button-inner theme-button-inner wpex-flex wpex-flex-wrap wpex-items-center wpex-justify-center\"><span class=\"vcex-button-icon vcex-icon-wrap theme-button-icon-left\"><span aria-hidden=\"true\" class=\"fas fa-envelope\"><\/span><\/span>Mail an uns<\/span><\/a><\/div> [\/vc_column_inner][vc_column_inner width=&#8220;1\/3&#8243;]<style>.vcex-button.vcex_69e4f9f92a9a5{border-radius:var(--wpex-rounded-md);background:var(--wpex-palette-298-color);color:#fff6ed!important;}.vcex-button.vcex_69e4f9f92a9a5:hover{background:rgba(116,38,37,0.6)!important;color:#fff6ed!important;}<\/style><div class=\"vc_custom_1673970341721 wpex-clr\"><a href=\"https:\/\/wa.me\/31651295152\" class=\"vcex-button theme-button align-left inline vcex_69e4f9f92a9a5\" target=\"_blank\" rel=\"noopener noreferrer\"><span class=\"vcex-button-inner theme-button-inner wpex-flex wpex-flex-wrap wpex-items-center wpex-justify-center\"><span class=\"vcex-button-icon vcex-icon-wrap theme-button-icon-left\"><span aria-hidden=\"true\" class=\"fab fa-whatsapp\"><\/span><\/span>App uns<\/span><\/a><\/div> [\/vc_column_inner][\/vc_row_inner]<div class=\"vcex-spacing wpex-w-100 wpex-clear\" style=\"height:30px;\"><\/div>[\/vc_column][vc_column width=&#8220;1\/2&#8243;][vc_gmaps link=&#8220;#E-8_JTNDaWZyYW1lJTIwc3JjJTNEJTIyaHR0cHMlM0ElMkYlMkZ3d3cuZ29vZ2xlLmNvbSUyRm1hcHMlMkZlbWJlZCUzRnBiJTNEJTIxMW0xOCUyMTFtMTIlMjExbTMlMjExZDIxODM5LjUzNzk2Mjk4NjYxJTIxMmQzLjg2MjU0NjgzNzgzNjAyJTIxM2Q0Ni44MjUxMzgzNzkwMDI0JTIxMm0zJTIxMWYwJTIxMmYwJTIxM2YwJTIxM20yJTIxMWkxMDI0JTIxMmk3NjglMjE0ZjEzLjElMjEzbTMlMjExbTIlMjExczB4NDdmMTgzOTBlOTdkMDg5ZCUyNTNBMHg3YTc1MzVlNDNmZmExNDJmJTIxMnpORGJDc0RRNUp6STJMallpVGlBendyQTFNaWMxTUM0MklrVSUyMTVlMCUyMTNtMiUyMTFzbmwlMjEyc25sJTIxNHYxNjczOTY4NTk0OTAwJTIxNW0yJTIxMXNubCUyMTJzbmwlMjIlMjB3aWR0aCUzRCUyMjYwMCUyMiUyMGhlaWdodCUzRCUyMjQ1MCUyMiUyMHN0eWxlJTNEJTIyYm9yZGVyJTNBMCUzQiUyMiUyMGFsbG93ZnVsbHNjcmVlbiUzRCUyMiUyMiUyMGxvYWRpbmclM0QlMjJsYXp5JTIyJTIwcmVmZXJyZXJwb2xpY3klM0QlMjJuby1yZWZlcnJlci13aGVuLWRvd25ncmFkZSUyMiUzRSUzQyUyRmlmcmFtZSUzRQ==&#8220; css=&#8220;.vc_custom_1673968640239{border-radius: 20px !important;}&#8220;][\/vc_column][\/vc_row][vc_row full_width=&#8220;stretch_row&#8220; content_placement=&#8220;middle&#8220; full_height=&#8220;yes&#8220; css=&#8220;.vc_custom_1673969218414{background-color: #18371a !important;}&#8220; local_scroll_id=&#8220;contact&#8220;][vc_column]<div class=\"vcex-spacing wpex-w-100 wpex-clear\" style=\"height:80px;\"><\/div><style>.vcex-heading.vcex_69e4f9f92b7ae{color:rgba(255,246,237,0.6);}<\/style><h2 class=\"vcex-heading vcex-heading-plain vcex-module wpex-heading wpex-text-2xl wpex-h2 wpex-text-center vcex_69e4f9f92b7ae\"><span class=\"vcex-heading-inner wpex-inline-block\">Kontakt-Formular<\/span><\/h2><div class=\"vcex-spacing wpex-w-100 wpex-clear\" style=\"height:30px;\"><\/div>[vc_column_text color=&#8220;rgba(255,246,237,0.6)&#8220; text_align=&#8220;center&#8220;]Haben Sie eine Frage oder m\u00f6chten Sie uns einmal besuchen? F\u00fcllen Sie das Formular aus und wir werden uns bald bei Ihnen melden.[\/vc_column_text]<div class=\"vcex-spacing wpex-w-100 wpex-clear\" style=\"height:30px;\"><\/div>\n<div class=\"wpcf7 no-js\" id=\"wpcf7-f1629-o1\" lang=\"de-DE\" dir=\"ltr\" data-wpcf7-id=\"1629\">\n<div class=\"screen-reader-response\"><p role=\"status\" aria-live=\"polite\" aria-atomic=\"true\"><\/p> <ul><\/ul><\/div>\n<form action=\"\/de\/wp-json\/wp\/v2\/pages\/1312#wpcf7-f1629-o1\" method=\"post\" class=\"wpcf7-form init\" aria-label=\"Kontaktformular\" novalidate=\"novalidate\" data-status=\"init\">\n<fieldset class=\"hidden-fields-container\"><input type=\"hidden\" name=\"_wpcf7\" value=\"1629\" \/><input type=\"hidden\" name=\"_wpcf7_version\" value=\"6.1.5\" \/><input type=\"hidden\" name=\"_wpcf7_locale\" value=\"de_DE\" \/><input type=\"hidden\" name=\"_wpcf7_unit_tag\" value=\"wpcf7-f1629-o1\" \/><input type=\"hidden\" name=\"_wpcf7_container_post\" value=\"0\" \/><input type=\"hidden\" name=\"_wpcf7_posted_data_hash\" value=\"\" \/><input type=\"hidden\" name=\"_wpcf7_recaptcha_response\" value=\"\" \/>\n<\/fieldset>\n<div class=\"one-half\">\n\t<p><label> <b>Ihr Vorname<\/b> *<br \/>\n<span class=\"wpcf7-form-control-wrap\" data-name=\"your-firstname\"><input size=\"40\" maxlength=\"400\" class=\"wpcf7-form-control wpcf7-text wpcf7-validates-as-required\" aria-required=\"true\" aria-invalid=\"false\" value=\"\" type=\"text\" name=\"your-firstname\" \/><\/span> <\/label>\n\t<\/p>\n<\/div>\n<div class=\"one-half last\">\n\t<p><label> <b>Ihr Nachname<\/b> *<br \/>\n<span class=\"wpcf7-form-control-wrap\" data-name=\"your-lastname\"><input size=\"40\" maxlength=\"400\" class=\"wpcf7-form-control wpcf7-text wpcf7-validates-as-required\" aria-required=\"true\" aria-invalid=\"false\" value=\"\" type=\"text\" name=\"your-lastname\" \/><\/span> <\/label>\n\t<\/p>\n<\/div>\n<div class=\"one-half\">\n\t<p><label> <b>Ihre E-Mail Adresse<\/b> *<br \/>\n<span class=\"wpcf7-form-control-wrap\" data-name=\"your-email\"><input size=\"40\" maxlength=\"400\" class=\"wpcf7-form-control wpcf7-email wpcf7-validates-as-required wpcf7-text wpcf7-validates-as-email\" aria-required=\"true\" aria-invalid=\"false\" value=\"\" type=\"email\" name=\"your-email\" \/><\/span> <\/label>\n\t<\/p>\n<\/div>\n<div class=\"one-half last\">\n\t<p><label> <b>Ihre Telefonnummer<\/b><br \/>\n<span class=\"wpcf7-form-control-wrap\" data-name=\"telefoon\"><input size=\"40\" maxlength=\"400\" class=\"wpcf7-form-control wpcf7-tel wpcf7-text wpcf7-validates-as-tel\" aria-invalid=\"false\" value=\"\" type=\"tel\" name=\"telefoon\" \/><\/span> <\/label>\n\t<\/p>\n<\/div>\n<p><label> <b>Nachricht<\/b><br \/>\n<span class=\"wpcf7-form-control-wrap\" data-name=\"your-message\"><textarea cols=\"40\" rows=\"10\" maxlength=\"2000\" class=\"wpcf7-form-control wpcf7-textarea\" aria-invalid=\"false\" name=\"your-message\"><\/textarea><\/span> <\/label>\n<\/p>\n<p><i>Mit * gekennzeichnete Felder sind Pflichtfelder<\/i>\n<\/p>\n<p><input class=\"wpcf7-form-control wpcf7-submit has-spinner buttoncontactform\" type=\"submit\" value=\"Einreichen\" \/>\n<\/p><p style=\"display: none !important;\" class=\"akismet-fields-container\" data-prefix=\"_wpcf7_ak_\"><label>&#916;<textarea name=\"_wpcf7_ak_hp_textarea\" cols=\"45\" rows=\"8\" maxlength=\"100\"><\/textarea><\/label><input type=\"hidden\" id=\"ak_js_1\" name=\"_wpcf7_ak_js\" value=\"114\"\/><script>document.getElementById( \"ak_js_1\" ).setAttribute( \"value\", ( new Date() ).getTime() );<\/script><\/p><div class=\"wpcf7-response-output\" aria-hidden=\"true\"><\/div>\n<\/form>\n<\/div>\n<div class=\"vcex-spacing wpex-w-100 wpex-clear\" style=\"height:80px;\"><\/div>[\/vc_column][\/vc_row]\n<\/div>","protected":false},"excerpt":{"rendered":"<p>[vc_row full_width=&#8220;stretch_row&#8220; content_placement=&#8220;middle&#8220; column_spacing=&#8220;60&#8243; equal_height=&#8220;yes&#8220; wpex_bg_overlay=&#8220;color&#8220; css=&#8220;.vc_custom_1673900570775{background-image: url(http:\/\/lemoulindavree.com\/wp-content\/uploads\/2023\/01\/Le-Moulin-de-Avree-achterkant.jpg?id=402) !important;background-position: center !important;background-repeat: no-repeat !important;background-size: cover !important;}&#8220; wpex_bg_overlay_color=&#8220;palette-298&#8243; wpex_bg_overlay_opacity=&#8220;0.50&#8243;][vc_column css=&#8220;.vc_custom_1669560175298{margin-top: 100px !important;}&#8220;][\/vc_column][vc_column width=&#8220;1\/2&#8243;][vc_column_text color=&#8220;#fff6ed&#8220; font_family=&#8220;Yeseva One&#8220; letter_spacing=&#8220;wide&#8220;]Haben Sie eine Frage oder einen Kommentar? Lassen Sie es uns wissen.[\/vc_column_text][vc_row_inner remove_bottom_col_margin=&#8220;true&#8220; css=&#8220;.vc_custom_1666767676428{margin-left: -30px !important;}&#8220;][vc_column_inner width=&#8220;1\/2&#8243;][\/vc_column_inner][vc_column_inner width=&#8220;1\/2&#8243;][\/vc_column_inner][\/vc_row_inner][\/vc_column][vc_column width=&#8220;1\/2&#8243;][\/vc_column][\/vc_row][vc_row content_placement=&#8220;top&#8220; column_spacing=&#8220;60&#8243; full_height=&#8220;yes&#8220; equal_height=&#8220;yes&#8220;][vc_column][\/vc_column][vc_column width=&#8220;1\/2&#8243;][vc_column_text color=&#8220;#742625&#8243;]Ob Sie eine Frage oder einen Kommentar&hellip;<\/p>\n","protected":false},"author":1,"featured_media":0,"parent":0,"menu_order":0,"comment_status":"closed","ping_status":"closed","template":"","meta":{"inline_featured_image":false,"footnotes":""},"class_list":["post-1312","page","type-page","status-publish","hentry","entry","no-media"],"yoast_head":"<!-- This site is optimized with the Yoast SEO plugin v27.4 - https:\/\/yoast.com\/product\/yoast-seo-wordpress\/ -->\n<title>Kontakt - Le Moulin d&#039;Avr\u00e9e<\/title>\n<meta name=\"robots\" content=\"index, follow, max-snippet:-1, max-image-preview:large, max-video-preview:-1\" \/>\n<link rel=\"canonical\" href=\"https:\/\/lemoulindavree.com\/de\/kontakt\/\" \/>\n<meta property=\"og:locale\" content=\"de_DE\" \/>\n<meta property=\"og:type\" content=\"article\" \/>\n<meta property=\"og:title\" content=\"Kontakt - Le Moulin d&#039;Avr\u00e9e\" \/>\n<meta property=\"og:description\" content=\"[vc_row full_width=&#8220;stretch_row&#8220; content_placement=&#8220;middle&#8220; column_spacing=&#8220;60&#8243; equal_height=&#8220;yes&#8220; wpex_bg_overlay=&#8220;color&#8220; css=&#8220;.vc_custom_1673900570775{background-image: url(http:\/\/lemoulindavree.com\/wp-content\/uploads\/2023\/01\/Le-Moulin-de-Avree-achterkant.jpg?id=402) !important;background-position: center !important;background-repeat: no-repeat !important;background-size: cover !important;}&#8220; wpex_bg_overlay_color=&#8220;palette-298&#8243; wpex_bg_overlay_opacity=&#8220;0.50&#8243;][vc_column css=&#8220;.vc_custom_1669560175298{margin-top: 100px !important;}&#8220;][\/vc_column][vc_column width=&#8220;1\/2&#8243;][vc_column_text color=&#8220;#fff6ed&#8220; font_family=&#8220;Yeseva One&#8220; letter_spacing=&#8220;wide&#8220;]Haben Sie eine Frage oder einen Kommentar? Lassen Sie es uns wissen.[\/vc_column_text][vc_row_inner remove_bottom_col_margin=&#8220;true&#8220; css=&#8220;.vc_custom_1666767676428{margin-left: -30px !important;}&#8220;][vc_column_inner width=&#8220;1\/2&#8243;][\/vc_column_inner][vc_column_inner width=&#8220;1\/2&#8243;][\/vc_column_inner][\/vc_row_inner][\/vc_column][vc_column width=&#8220;1\/2&#8243;][\/vc_column][\/vc_row][vc_row content_placement=&#8220;top&#8220; column_spacing=&#8220;60&#8243; full_height=&#8220;yes&#8220; equal_height=&#8220;yes&#8220;][vc_column][\/vc_column][vc_column width=&#8220;1\/2&#8243;][vc_column_text color=&#8220;#742625&#8243;]Ob Sie eine Frage oder einen Kommentar&hellip;\" \/>\n<meta property=\"og:url\" content=\"https:\/\/lemoulindavree.com\/de\/kontakt\/\" \/>\n<meta property=\"og:site_name\" content=\"Le Moulin d&#039;Avr\u00e9e\" \/>\n<meta property=\"article:modified_time\" content=\"2024-03-28T10:24:27+00:00\" \/>\n<meta name=\"twitter:card\" content=\"summary_large_image\" \/>\n<meta name=\"twitter:label1\" content=\"Gesch\u00e4tzte Lesezeit\" \/>\n\t<meta name=\"twitter:data1\" content=\"3\u00a0Minuten\" \/>\n<script type=\"application\/ld+json\" class=\"yoast-schema-graph\">{\"@context\":\"https:\\\/\\\/schema.org\",\"@graph\":[{\"@type\":\"WebPage\",\"@id\":\"https:\\\/\\\/lemoulindavree.com\\\/de\\\/kontakt\\\/\",\"url\":\"https:\\\/\\\/lemoulindavree.com\\\/de\\\/kontakt\\\/\",\"name\":\"Kontakt - Le Moulin d&#039;Avr\u00e9e\",\"isPartOf\":{\"@id\":\"https:\\\/\\\/lemoulindavree.com\\\/de\\\/#website\"},\"datePublished\":\"2022-11-27T15:46:45+00:00\",\"dateModified\":\"2024-03-28T10:24:27+00:00\",\"breadcrumb\":{\"@id\":\"https:\\\/\\\/lemoulindavree.com\\\/de\\\/kontakt\\\/#breadcrumb\"},\"inLanguage\":\"de\",\"potentialAction\":[{\"@type\":\"ReadAction\",\"target\":[\"https:\\\/\\\/lemoulindavree.com\\\/de\\\/kontakt\\\/\"]}]},{\"@type\":\"BreadcrumbList\",\"@id\":\"https:\\\/\\\/lemoulindavree.com\\\/de\\\/kontakt\\\/#breadcrumb\",\"itemListElement\":[{\"@type\":\"ListItem\",\"position\":1,\"name\":\"Home\",\"item\":\"https:\\\/\\\/lemoulindavree.com\\\/de\\\/die-muehle-von-avree\\\/\"},{\"@type\":\"ListItem\",\"position\":2,\"name\":\"Kontakt\"}]},{\"@type\":\"WebSite\",\"@id\":\"https:\\\/\\\/lemoulindavree.com\\\/de\\\/#website\",\"url\":\"https:\\\/\\\/lemoulindavree.com\\\/de\\\/\",\"name\":\"Le Moulin d&#039;Avr\u00e9e\",\"description\":\"Een idyllische plek, ver weg van de bewoonde wereld.\",\"publisher\":{\"@id\":\"https:\\\/\\\/lemoulindavree.com\\\/de\\\/#organization\"},\"potentialAction\":[{\"@type\":\"SearchAction\",\"target\":{\"@type\":\"EntryPoint\",\"urlTemplate\":\"https:\\\/\\\/lemoulindavree.com\\\/de\\\/?s={search_term_string}\"},\"query-input\":{\"@type\":\"PropertyValueSpecification\",\"valueRequired\":true,\"valueName\":\"search_term_string\"}}],\"inLanguage\":\"de\"},{\"@type\":\"Organization\",\"@id\":\"https:\\\/\\\/lemoulindavree.com\\\/de\\\/#organization\",\"name\":\"Le Moulin d&#039;Avr\u00e9e\",\"url\":\"https:\\\/\\\/lemoulindavree.com\\\/de\\\/\",\"logo\":{\"@type\":\"ImageObject\",\"inLanguage\":\"de\",\"@id\":\"https:\\\/\\\/lemoulindavree.com\\\/de\\\/#\\\/schema\\\/logo\\\/image\\\/\",\"url\":\"https:\\\/\\\/lemoulindavree.com\\\/wp-content\\\/uploads\\\/2024\\\/01\\\/Logo-Le-Moulin-dAvree-website-def-07-1.svg\",\"contentUrl\":\"https:\\\/\\\/lemoulindavree.com\\\/wp-content\\\/uploads\\\/2024\\\/01\\\/Logo-Le-Moulin-dAvree-website-def-07-1.svg\",\"caption\":\"Le Moulin d&#039;Avr\u00e9e\"},\"image\":{\"@id\":\"https:\\\/\\\/lemoulindavree.com\\\/de\\\/#\\\/schema\\\/logo\\\/image\\\/\"}}]}<\/script>\n<!-- \/ Yoast SEO plugin. -->","yoast_head_json":{"title":"Kontakt - Le Moulin d&#039;Avr\u00e9e","robots":{"index":"index","follow":"follow","max-snippet":"max-snippet:-1","max-image-preview":"max-image-preview:large","max-video-preview":"max-video-preview:-1"},"canonical":"https:\/\/lemoulindavree.com\/de\/kontakt\/","og_locale":"de_DE","og_type":"article","og_title":"Kontakt - Le Moulin d&#039;Avr\u00e9e","og_description":"[vc_row full_width=&#8220;stretch_row&#8220; content_placement=&#8220;middle&#8220; column_spacing=&#8220;60&#8243; equal_height=&#8220;yes&#8220; wpex_bg_overlay=&#8220;color&#8220; css=&#8220;.vc_custom_1673900570775{background-image: url(http:\/\/lemoulindavree.com\/wp-content\/uploads\/2023\/01\/Le-Moulin-de-Avree-achterkant.jpg?id=402) !important;background-position: center !important;background-repeat: no-repeat !important;background-size: cover !important;}&#8220; wpex_bg_overlay_color=&#8220;palette-298&#8243; wpex_bg_overlay_opacity=&#8220;0.50&#8243;][vc_column css=&#8220;.vc_custom_1669560175298{margin-top: 100px !important;}&#8220;][\/vc_column][vc_column width=&#8220;1\/2&#8243;][vc_column_text color=&#8220;#fff6ed&#8220; font_family=&#8220;Yeseva One&#8220; letter_spacing=&#8220;wide&#8220;]Haben Sie eine Frage oder einen Kommentar? Lassen Sie es uns wissen.[\/vc_column_text][vc_row_inner remove_bottom_col_margin=&#8220;true&#8220; css=&#8220;.vc_custom_1666767676428{margin-left: -30px !important;}&#8220;][vc_column_inner width=&#8220;1\/2&#8243;][\/vc_column_inner][vc_column_inner width=&#8220;1\/2&#8243;][\/vc_column_inner][\/vc_row_inner][\/vc_column][vc_column width=&#8220;1\/2&#8243;][\/vc_column][\/vc_row][vc_row content_placement=&#8220;top&#8220; column_spacing=&#8220;60&#8243; full_height=&#8220;yes&#8220; equal_height=&#8220;yes&#8220;][vc_column][\/vc_column][vc_column width=&#8220;1\/2&#8243;][vc_column_text color=&#8220;#742625&#8243;]Ob Sie eine Frage oder einen Kommentar&hellip;","og_url":"https:\/\/lemoulindavree.com\/de\/kontakt\/","og_site_name":"Le Moulin d&#039;Avr\u00e9e","article_modified_time":"2024-03-28T10:24:27+00:00","twitter_card":"summary_large_image","twitter_misc":{"Gesch\u00e4tzte Lesezeit":"3\u00a0Minuten"},"schema":{"@context":"https:\/\/schema.org","@graph":[{"@type":"WebPage","@id":"https:\/\/lemoulindavree.com\/de\/kontakt\/","url":"https:\/\/lemoulindavree.com\/de\/kontakt\/","name":"Kontakt - Le Moulin d&#039;Avr\u00e9e","isPartOf":{"@id":"https:\/\/lemoulindavree.com\/de\/#website"},"datePublished":"2022-11-27T15:46:45+00:00","dateModified":"2024-03-28T10:24:27+00:00","breadcrumb":{"@id":"https:\/\/lemoulindavree.com\/de\/kontakt\/#breadcrumb"},"inLanguage":"de","potentialAction":[{"@type":"ReadAction","target":["https:\/\/lemoulindavree.com\/de\/kontakt\/"]}]},{"@type":"BreadcrumbList","@id":"https:\/\/lemoulindavree.com\/de\/kontakt\/#breadcrumb","itemListElement":[{"@type":"ListItem","position":1,"name":"Home","item":"https:\/\/lemoulindavree.com\/de\/die-muehle-von-avree\/"},{"@type":"ListItem","position":2,"name":"Kontakt"}]},{"@type":"WebSite","@id":"https:\/\/lemoulindavree.com\/de\/#website","url":"https:\/\/lemoulindavree.com\/de\/","name":"Le Moulin d&#039;Avr\u00e9e","description":"Een idyllische plek, ver weg van de bewoonde wereld.","publisher":{"@id":"https:\/\/lemoulindavree.com\/de\/#organization"},"potentialAction":[{"@type":"SearchAction","target":{"@type":"EntryPoint","urlTemplate":"https:\/\/lemoulindavree.com\/de\/?s={search_term_string}"},"query-input":{"@type":"PropertyValueSpecification","valueRequired":true,"valueName":"search_term_string"}}],"inLanguage":"de"},{"@type":"Organization","@id":"https:\/\/lemoulindavree.com\/de\/#organization","name":"Le Moulin d&#039;Avr\u00e9e","url":"https:\/\/lemoulindavree.com\/de\/","logo":{"@type":"ImageObject","inLanguage":"de","@id":"https:\/\/lemoulindavree.com\/de\/#\/schema\/logo\/image\/","url":"https:\/\/lemoulindavree.com\/wp-content\/uploads\/2024\/01\/Logo-Le-Moulin-dAvree-website-def-07-1.svg","contentUrl":"https:\/\/lemoulindavree.com\/wp-content\/uploads\/2024\/01\/Logo-Le-Moulin-dAvree-website-def-07-1.svg","caption":"Le Moulin d&#039;Avr\u00e9e"},"image":{"@id":"https:\/\/lemoulindavree.com\/de\/#\/schema\/logo\/image\/"}}]}},"_links":{"self":[{"href":"https:\/\/lemoulindavree.com\/de\/wp-json\/wp\/v2\/pages\/1312","targetHints":{"allow":["GET"]}}],"collection":[{"href":"https:\/\/lemoulindavree.com\/de\/wp-json\/wp\/v2\/pages"}],"about":[{"href":"https:\/\/lemoulindavree.com\/de\/wp-json\/wp\/v2\/types\/page"}],"author":[{"embeddable":true,"href":"https:\/\/lemoulindavree.com\/de\/wp-json\/wp\/v2\/users\/1"}],"replies":[{"embeddable":true,"href":"https:\/\/lemoulindavree.com\/de\/wp-json\/wp\/v2\/comments?post=1312"}],"version-history":[{"count":5,"href":"https:\/\/lemoulindavree.com\/de\/wp-json\/wp\/v2\/pages\/1312\/revisions"}],"predecessor-version":[{"id":1401,"href":"https:\/\/lemoulindavree.com\/de\/wp-json\/wp\/v2\/pages\/1312\/revisions\/1401"}],"wp:attachment":[{"href":"https:\/\/lemoulindavree.com\/de\/wp-json\/wp\/v2\/media?parent=1312"}],"curies":[{"name":"wp","href":"https:\/\/api.w.org\/{rel}","templated":true}]}}