{"id":1311,"date":"2022-10-23T08:31:47","date_gmt":"2022-10-23T08:31:47","guid":{"rendered":"https:\/\/lemoulindavree.com\/pied-de-page\/"},"modified":"2024-03-28T10:24:22","modified_gmt":"2024-03-28T10:24:22","slug":"pied-de-page","status":"publish","type":"page","link":"https:\/\/lemoulindavree.com\/fr\/pied-de-page\/","title":{"rendered":"Pied de page"},"content":{"rendered":"<div class=\"wpb-content-wrapper\">[vc_row full_width=\u00a0\u00bbstretch_row\u00a0\u00bb content_placement=\u00a0\u00bbmiddle\u00a0\u00bb css=\u00a0\u00bb.vc_custom_1669154207418{background-color: #742625 !important;}\u00a0\u00bb][vc_column]<div class=\"vcex-spacing wpex-w-100 wpex-clear\" style=\"height:80px;\"><\/div>[vc_row_inner][vc_column_inner width=\u00a0\u00bb1\/3&Prime;]<style>.vcex-heading.vcex_69f2cb556cfc4{color:rgba(255,246,237,0.6);}<\/style><h4 class=\"vcex-heading vcex-heading-plain vcex-module wpex-heading wpex-text-2xl wpex-h4 vcex_69f2cb556cfc4\"><span class=\"vcex-heading-inner wpex-inline-block\">Nos aventures<\/span><\/h4><div class=\"vcex-spacing wpex-w-100 wpex-clear\" style=\"height:30px;\"><\/div><style>.vcex-bullets.vcex_69f2cb556dd5c .vcex-bullets-icon{color:rgba(255,246,237,0.6);}.vcex-bullets.vcex_69f2cb556dd5c{color:rgba(255,246,237,0.6);}<\/style><div class=\"vcex-module vcex-bullets vcex-bullets--vertical vcex-bullets-ni footerlink vcex_69f2cb556dd5c\">\n<ul role=\"list\">\n<li><a href=\"https:\/\/lemoulindavree.com\/fr\/?p=1405\"><strong>Blog : <\/strong>La chasse au logement<\/a><\/li>\n<li><a href=\"https:\/\/lemoulindavree.com\/fr\/?p=1491\"><strong>Blog : <\/strong>Le d\u00e9m\u00e9nagement<\/a><\/li>\n<li><a href=\"https:\/\/lemoulindavree.com\/fr\/?p=1568\"><strong>Blog :<\/strong> Les points forts du premier \u00e9t\u00e9<\/a><\/li>\n<li><a href=\"https:\/\/lemoulindavree.com\/fr\/?page_id=1296\"><b>Tous les blogs<\/b><\/a><\/li>\n<\/ul>\n<\/div><div class=\"vcex-spacing wpex-w-100 wpex-clear\" style=\"height:60px;\"><\/div>[\/vc_column_inner][vc_column_inner width=\u00a0\u00bb1\/3&Prime;]<style>.vcex-heading.vcex_69f2cb556e8c8{color:rgba(255,246,237,0.6);}<\/style><h4 class=\"vcex-heading vcex-heading-plain vcex-module wpex-heading wpex-text-2xl wpex-h4 vcex_69f2cb556e8c8\"><span class=\"vcex-heading-inner wpex-inline-block\">Notre maison de vacances<\/span><\/h4><div class=\"vcex-spacing wpex-w-100 wpex-clear\" style=\"height:30px;\"><\/div><style>.vcex-bullets.vcex_69f2cb556ef6a .vcex-bullets-icon{color:rgba(255,246,237,0.6);}.vcex-bullets.vcex_69f2cb556ef6a{color:rgba(255,246,237,0.6);}<\/style><div class=\"vcex-module vcex-bullets vcex-bullets--vertical vcex-bullets-ni footerlink vcex_69f2cb556ef6a\">\n<ul role=\"list\">\n<li><a href=\"https:\/\/lemoulindavree.com\/fr\/?page_id=1318\"><strong>A propos de la maison de vacances<\/strong><\/a><\/li>\n<li><a href=\"https:\/\/lemoulindavree.com\/fr\/?page_id=1318#voorzieningen\"><strong>Installations<\/strong><\/a><\/li>\n<li><a href=\"https:\/\/lemoulindavree.com\/fr\/?page_id=1505\"><b>L&rsquo;environnement<\/b><\/a><\/li>\n<\/ul>\n<\/div><div class=\"vcex-spacing wpex-w-100 wpex-clear\" style=\"height:60px;\"><\/div>[\/vc_column_inner][vc_column_inner width=\u00a0\u00bb1\/3&Prime;]<style>.vcex-heading.vcex_69f2cb556fa50{color:rgba(255,246,237,0.6);}<\/style><h4 class=\"vcex-heading vcex-heading-plain vcex-module wpex-heading wpex-text-2xl wpex-h4 vcex_69f2cb556fa50\"><span class=\"vcex-heading-inner wpex-inline-block\">Coordonn\u00e9es de la personne \u00e0 contacter<\/span><\/h4><div class=\"vcex-spacing wpex-w-100 wpex-clear\" style=\"height:30px;\"><\/div><style>.vcex-bullets.vcex_69f2cb5570184 .vcex-bullets-icon{color:rgba(255,246,237,0.6);}.vcex-bullets.vcex_69f2cb5570184{color:rgba(255,246,237,0.6);}<\/style><div class=\"vcex-module vcex-bullets vcex-bullets--vertical vcex-bullets-ni footerlink vcex_69f2cb5570184\">\n<ul role=\"list\">\n<li><strong>Henri Wolsink &amp; Joop Salomons<\/strong><\/li>\n<li><strong>Num\u00e9ro de t\u00e9l\u00e9phone :<\/strong> <a href=\"tel:+31651295152\">+ 31 6 51 29 51 52<\/a><\/li>\n<li><strong>Adresse : <\/strong><a href=\"https:\/\/goo.gl\/maps\/CHoTWTShUyXRzCCo7\" target=\"_blank\" rel=\"noopener\">6 Route de Chiddes, 58170 Avr\u00e9e<\/a><\/li>\n<\/ul>\n<\/div>[\/vc_column_inner][\/vc_row_inner]<div class=\"vcex-spacing wpex-w-100 wpex-clear\" style=\"height:80px;\"><\/div>[\/vc_column][\/vc_row]\n<\/div>","protected":false},"excerpt":{"rendered":"<p>[vc_row full_width=\u00a0\u00bbstretch_row\u00a0\u00bb content_placement=\u00a0\u00bbmiddle\u00a0\u00bb css=\u00a0\u00bb.vc_custom_1669154207418{background-color: #742625 !important;}\u00a0\u00bb][vc_column][vc_row_inner][vc_column_inner width=\u00a0\u00bb1\/3&Prime;][\/vc_column_inner][vc_column_inner width=\u00a0\u00bb1\/3&Prime;][\/vc_column_inner][vc_column_inner width=\u00a0\u00bb1\/3&Prime;][\/vc_column_inner][\/vc_row_inner][\/vc_column][\/vc_row]<\/p>\n","protected":false},"author":1,"featured_media":0,"parent":0,"menu_order":0,"comment_status":"closed","ping_status":"closed","template":"","meta":{"inline_featured_image":false,"footnotes":""},"class_list":["post-1311","page","type-page","status-publish","hentry","entry","no-media"],"yoast_head":"<!-- This site is optimized with the Yoast SEO plugin v27.5 - https:\/\/yoast.com\/product\/yoast-seo-wordpress\/ -->\n<title>Pied de page - Le Moulin d&#039;Avr\u00e9e<\/title>\n<meta name=\"robots\" content=\"index, follow, max-snippet:-1, max-image-preview:large, max-video-preview:-1\" \/>\n<link rel=\"canonical\" href=\"https:\/\/lemoulindavree.com\/fr\/pied-de-page\/\" \/>\n<meta property=\"og:locale\" content=\"fr_FR\" \/>\n<meta property=\"og:type\" content=\"article\" \/>\n<meta property=\"og:title\" content=\"Pied de page - Le Moulin d&#039;Avr\u00e9e\" \/>\n<meta property=\"og:description\" content=\"[vc_row full_width=\u00a0\u00bbstretch_row\u00a0\u00bb content_placement=\u00a0\u00bbmiddle\u00a0\u00bb css=\u00a0\u00bb.vc_custom_1669154207418{background-color: #742625 !important;}\u00a0\u00bb][vc_column][vc_row_inner][vc_column_inner width=\u00a0\u00bb1\/3&Prime;][\/vc_column_inner][vc_column_inner width=\u00a0\u00bb1\/3&Prime;][\/vc_column_inner][vc_column_inner width=\u00a0\u00bb1\/3&Prime;][\/vc_column_inner][\/vc_row_inner][\/vc_column][\/vc_row]\" \/>\n<meta property=\"og:url\" content=\"https:\/\/lemoulindavree.com\/fr\/pied-de-page\/\" \/>\n<meta property=\"og:site_name\" content=\"Le Moulin d&#039;Avr\u00e9e\" \/>\n<meta property=\"article:modified_time\" content=\"2024-03-28T10:24:22+00:00\" \/>\n<meta name=\"twitter:card\" content=\"summary_large_image\" \/>\n<meta name=\"twitter:label1\" content=\"Dur\u00e9e de lecture estim\u00e9e\" \/>\n\t<meta name=\"twitter:data1\" content=\"1 minute\" \/>\n<script type=\"application\/ld+json\" class=\"yoast-schema-graph\">{\"@context\":\"https:\\\/\\\/schema.org\",\"@graph\":[{\"@type\":\"WebPage\",\"@id\":\"https:\\\/\\\/lemoulindavree.com\\\/fr\\\/pied-de-page\\\/\",\"url\":\"https:\\\/\\\/lemoulindavree.com\\\/fr\\\/pied-de-page\\\/\",\"name\":\"Pied de page - Le Moulin d&#039;Avr\u00e9e\",\"isPartOf\":{\"@id\":\"https:\\\/\\\/lemoulindavree.com\\\/fr\\\/#website\"},\"datePublished\":\"2022-10-23T08:31:47+00:00\",\"dateModified\":\"2024-03-28T10:24:22+00:00\",\"breadcrumb\":{\"@id\":\"https:\\\/\\\/lemoulindavree.com\\\/fr\\\/pied-de-page\\\/#breadcrumb\"},\"inLanguage\":\"fr-FR\",\"potentialAction\":[{\"@type\":\"ReadAction\",\"target\":[\"https:\\\/\\\/lemoulindavree.com\\\/fr\\\/pied-de-page\\\/\"]}]},{\"@type\":\"BreadcrumbList\",\"@id\":\"https:\\\/\\\/lemoulindavree.com\\\/fr\\\/pied-de-page\\\/#breadcrumb\",\"itemListElement\":[{\"@type\":\"ListItem\",\"position\":1,\"name\":\"Home\",\"item\":\"https:\\\/\\\/lemoulindavree.com\\\/fr\\\/le-moulin-davree\\\/\"},{\"@type\":\"ListItem\",\"position\":2,\"name\":\"Pied de page\"}]},{\"@type\":\"WebSite\",\"@id\":\"https:\\\/\\\/lemoulindavree.com\\\/fr\\\/#website\",\"url\":\"https:\\\/\\\/lemoulindavree.com\\\/fr\\\/\",\"name\":\"Le Moulin d&#039;Avr\u00e9e\",\"description\":\"Een idyllische plek, ver weg van de bewoonde wereld.\",\"publisher\":{\"@id\":\"https:\\\/\\\/lemoulindavree.com\\\/fr\\\/#organization\"},\"potentialAction\":[{\"@type\":\"SearchAction\",\"target\":{\"@type\":\"EntryPoint\",\"urlTemplate\":\"https:\\\/\\\/lemoulindavree.com\\\/fr\\\/?s={search_term_string}\"},\"query-input\":{\"@type\":\"PropertyValueSpecification\",\"valueRequired\":true,\"valueName\":\"search_term_string\"}}],\"inLanguage\":\"fr-FR\"},{\"@type\":\"Organization\",\"@id\":\"https:\\\/\\\/lemoulindavree.com\\\/fr\\\/#organization\",\"name\":\"Le Moulin d&#039;Avr\u00e9e\",\"url\":\"https:\\\/\\\/lemoulindavree.com\\\/fr\\\/\",\"logo\":{\"@type\":\"ImageObject\",\"inLanguage\":\"fr-FR\",\"@id\":\"https:\\\/\\\/lemoulindavree.com\\\/fr\\\/#\\\/schema\\\/logo\\\/image\\\/\",\"url\":\"https:\\\/\\\/lemoulindavree.com\\\/wp-content\\\/uploads\\\/2024\\\/01\\\/Logo-Le-Moulin-dAvree-website-def-07-1.svg\",\"contentUrl\":\"https:\\\/\\\/lemoulindavree.com\\\/wp-content\\\/uploads\\\/2024\\\/01\\\/Logo-Le-Moulin-dAvree-website-def-07-1.svg\",\"caption\":\"Le Moulin d&#039;Avr\u00e9e\"},\"image\":{\"@id\":\"https:\\\/\\\/lemoulindavree.com\\\/fr\\\/#\\\/schema\\\/logo\\\/image\\\/\"}}]}<\/script>\n<!-- \/ Yoast SEO plugin. -->","yoast_head_json":{"title":"Pied de page - Le Moulin d&#039;Avr\u00e9e","robots":{"index":"index","follow":"follow","max-snippet":"max-snippet:-1","max-image-preview":"max-image-preview:large","max-video-preview":"max-video-preview:-1"},"canonical":"https:\/\/lemoulindavree.com\/fr\/pied-de-page\/","og_locale":"fr_FR","og_type":"article","og_title":"Pied de page - Le Moulin d&#039;Avr\u00e9e","og_description":"[vc_row full_width=\u00a0\u00bbstretch_row\u00a0\u00bb content_placement=\u00a0\u00bbmiddle\u00a0\u00bb css=\u00a0\u00bb.vc_custom_1669154207418{background-color: #742625 !important;}\u00a0\u00bb][vc_column][vc_row_inner][vc_column_inner width=\u00a0\u00bb1\/3&Prime;][\/vc_column_inner][vc_column_inner width=\u00a0\u00bb1\/3&Prime;][\/vc_column_inner][vc_column_inner width=\u00a0\u00bb1\/3&Prime;][\/vc_column_inner][\/vc_row_inner][\/vc_column][\/vc_row]","og_url":"https:\/\/lemoulindavree.com\/fr\/pied-de-page\/","og_site_name":"Le Moulin d&#039;Avr\u00e9e","article_modified_time":"2024-03-28T10:24:22+00:00","twitter_card":"summary_large_image","twitter_misc":{"Dur\u00e9e de lecture estim\u00e9e":"1 minute"},"schema":{"@context":"https:\/\/schema.org","@graph":[{"@type":"WebPage","@id":"https:\/\/lemoulindavree.com\/fr\/pied-de-page\/","url":"https:\/\/lemoulindavree.com\/fr\/pied-de-page\/","name":"Pied de page - Le Moulin d&#039;Avr\u00e9e","isPartOf":{"@id":"https:\/\/lemoulindavree.com\/fr\/#website"},"datePublished":"2022-10-23T08:31:47+00:00","dateModified":"2024-03-28T10:24:22+00:00","breadcrumb":{"@id":"https:\/\/lemoulindavree.com\/fr\/pied-de-page\/#breadcrumb"},"inLanguage":"fr-FR","potentialAction":[{"@type":"ReadAction","target":["https:\/\/lemoulindavree.com\/fr\/pied-de-page\/"]}]},{"@type":"BreadcrumbList","@id":"https:\/\/lemoulindavree.com\/fr\/pied-de-page\/#breadcrumb","itemListElement":[{"@type":"ListItem","position":1,"name":"Home","item":"https:\/\/lemoulindavree.com\/fr\/le-moulin-davree\/"},{"@type":"ListItem","position":2,"name":"Pied de page"}]},{"@type":"WebSite","@id":"https:\/\/lemoulindavree.com\/fr\/#website","url":"https:\/\/lemoulindavree.com\/fr\/","name":"Le Moulin d&#039;Avr\u00e9e","description":"Een idyllische plek, ver weg van de bewoonde wereld.","publisher":{"@id":"https:\/\/lemoulindavree.com\/fr\/#organization"},"potentialAction":[{"@type":"SearchAction","target":{"@type":"EntryPoint","urlTemplate":"https:\/\/lemoulindavree.com\/fr\/?s={search_term_string}"},"query-input":{"@type":"PropertyValueSpecification","valueRequired":true,"valueName":"search_term_string"}}],"inLanguage":"fr-FR"},{"@type":"Organization","@id":"https:\/\/lemoulindavree.com\/fr\/#organization","name":"Le Moulin d&#039;Avr\u00e9e","url":"https:\/\/lemoulindavree.com\/fr\/","logo":{"@type":"ImageObject","inLanguage":"fr-FR","@id":"https:\/\/lemoulindavree.com\/fr\/#\/schema\/logo\/image\/","url":"https:\/\/lemoulindavree.com\/wp-content\/uploads\/2024\/01\/Logo-Le-Moulin-dAvree-website-def-07-1.svg","contentUrl":"https:\/\/lemoulindavree.com\/wp-content\/uploads\/2024\/01\/Logo-Le-Moulin-dAvree-website-def-07-1.svg","caption":"Le Moulin d&#039;Avr\u00e9e"},"image":{"@id":"https:\/\/lemoulindavree.com\/fr\/#\/schema\/logo\/image\/"}}]}},"_links":{"self":[{"href":"https:\/\/lemoulindavree.com\/fr\/wp-json\/wp\/v2\/pages\/1311","targetHints":{"allow":["GET"]}}],"collection":[{"href":"https:\/\/lemoulindavree.com\/fr\/wp-json\/wp\/v2\/pages"}],"about":[{"href":"https:\/\/lemoulindavree.com\/fr\/wp-json\/wp\/v2\/types\/page"}],"author":[{"embeddable":true,"href":"https:\/\/lemoulindavree.com\/fr\/wp-json\/wp\/v2\/users\/1"}],"replies":[{"embeddable":true,"href":"https:\/\/lemoulindavree.com\/fr\/wp-json\/wp\/v2\/comments?post=1311"}],"version-history":[{"count":5,"href":"https:\/\/lemoulindavree.com\/fr\/wp-json\/wp\/v2\/pages\/1311\/revisions"}],"predecessor-version":[{"id":1373,"href":"https:\/\/lemoulindavree.com\/fr\/wp-json\/wp\/v2\/pages\/1311\/revisions\/1373"}],"wp:attachment":[{"href":"https:\/\/lemoulindavree.com\/fr\/wp-json\/wp\/v2\/media?parent=1311"}],"curies":[{"name":"wp","href":"https:\/\/api.w.org\/{rel}","templated":true}]}}