{"id":1422,"date":"2022-11-28T19:52:07","date_gmt":"2022-11-28T19:52:07","guid":{"rendered":"https:\/\/lemoulindavree.com\/oups-404-page\/"},"modified":"2024-03-28T10:24:27","modified_gmt":"2024-03-28T10:24:27","slug":"oups-404-page","status":"publish","type":"page","link":"https:\/\/lemoulindavree.com\/fr\/oups-404-page\/","title":{"rendered":"Oups ! 404 page"},"content":{"rendered":"<div class=\"wpb-content-wrapper\">[vc_row full_width=\u00a0\u00bbstretch_row\u00a0\u00bb content_placement=\u00a0\u00bbmiddle\u00a0\u00bb column_spacing=\u00a0\u00bb60&Prime; full_height=\u00a0\u00bbyes\u00a0\u00bb equal_height=\u00a0\u00bbyes\u00a0\u00bb wpex_bg_overlay=\u00a0\u00bbcolor\u00a0\u00bb css=\u00a0\u00bb.vc_custom_1666766543791{background-image: url(http:\/\/lemoulindavree.com\/wp-content\/uploads\/2022\/10\/pexels-pixabay-158316-scaled.jpg?id=72) !important;background-position: center !important;background-repeat: no-repeat !important;background-size: cover !important;}\u00a0\u00bb wpex_bg_overlay_color=\u00a0\u00bb#742625&Prime; wpex_bg_overlay_opacity=\u00a0\u00bb0.50&Prime;][vc_column width=\u00a0\u00bb2\/3&Prime;]<div class=\"vcex-spacing wpex-w-100 wpex-clear visible-phone\" style=\"height:80px;\"><\/div><style>.vcex-heading.vcex_69e7602d289da{color:#fff6ed;}<\/style><h1 class=\"vcex-heading vcex-heading-plain vcex-module wpex-heading wpex-text-2xl wpex-h1 wpex-text-left vcex_69e7602d289da\"><span class=\"vcex-heading-inner wpex-inline-block\">Oups ! Nous nous sommes perdus...<\/span><\/h1><div class=\"vcex-spacing wpex-w-100 wpex-clear\" style=\"height:15px;\"><\/div>[vc_column_text color=\u00a0\u00bb#fff6ed\u00a0\u00bb font_family=\u00a0\u00bbYeseva One\u00a0\u00bb letter_spacing=\u00a0\u00bbwide\u00a0\u00bb]<strong>Cette page n&rsquo;existe pas (plus)<\/strong>[\/vc_column_text]<div class=\"vcex-spacing wpex-w-100 wpex-clear\" style=\"height:30px;\"><\/div>[vc_row_inner remove_bottom_col_margin=\u00a0\u00bbtrue\u00a0\u00bb css=\u00a0\u00bb.vc_custom_1666767676428{margin-left: -30px !important;}\u00a0\u00bb][vc_column_inner width=\u00a0\u00bb1\/2&Prime;]<style>.vcex-button.vcex_69e7602d2a5a7{border-radius:var(--wpex-rounded-md);background:#fff6ed;color:#742625!important;}.vcex-button.vcex_69e7602d2a5a7:hover{background:rgba(255,246,237,0.6)!important;color:#742625!important;}<\/style><div class=\"vc_custom_1669665122600 wpex-clr\"><a href=\"https:\/\/lemoulindavree.com\/fr\/\" class=\"vcex-button theme-button align-left inline vcex_69e7602d2a5a7\"><span class=\"vcex-button-inner theme-button-inner wpex-flex wpex-flex-wrap wpex-items-center wpex-justify-center\">Aller \u00e0 la page d&rsquo;accueil<\/span><\/a><\/div> [\/vc_column_inner][vc_column_inner width=\u00a0\u00bb1\/2&Prime;][\/vc_column_inner][\/vc_row_inner]<div class=\"vcex-spacing wpex-w-100 wpex-clear visible-phone\" style=\"height:80px;\"><\/div>[\/vc_column][vc_column width=\u00a0\u00bb1\/3&Prime;][\/vc_column][\/vc_row]\n<\/div>","protected":false},"excerpt":{"rendered":"<p>[vc_row full_width=\u00a0\u00bbstretch_row\u00a0\u00bb content_placement=\u00a0\u00bbmiddle\u00a0\u00bb column_spacing=\u00a0\u00bb60&Prime; full_height=\u00a0\u00bbyes\u00a0\u00bb equal_height=\u00a0\u00bbyes\u00a0\u00bb wpex_bg_overlay=\u00a0\u00bbcolor\u00a0\u00bb css=\u00a0\u00bb.vc_custom_1666766543791{background-image: url(http:\/\/lemoulindavree.com\/wp-content\/uploads\/2022\/10\/pexels-pixabay-158316-scaled.jpg?id=72) !important;background-position: center !important;background-repeat: no-repeat !important;background-size: cover !important;}\u00a0\u00bb wpex_bg_overlay_color=\u00a0\u00bb#742625&Prime; wpex_bg_overlay_opacity=\u00a0\u00bb0.50&Prime;][vc_column width=\u00a0\u00bb2\/3&Prime;][vc_column_text color=\u00a0\u00bb#fff6ed\u00a0\u00bb font_family=\u00a0\u00bbYeseva One\u00a0\u00bb letter_spacing=\u00a0\u00bbwide\u00a0\u00bb]Cette page n&rsquo;existe pas (plus)[\/vc_column_text][vc_row_inner remove_bottom_col_margin=\u00a0\u00bbtrue\u00a0\u00bb css=\u00a0\u00bb.vc_custom_1666767676428{margin-left: -30px !important;}\u00a0\u00bb][vc_column_inner width=\u00a0\u00bb1\/2&Prime;][\/vc_column_inner][vc_column_inner width=\u00a0\u00bb1\/2&Prime;][\/vc_column_inner][\/vc_row_inner][\/vc_column][vc_column width=\u00a0\u00bb1\/3&Prime;][\/vc_column][\/vc_row]<\/p>\n","protected":false},"author":1,"featured_media":0,"parent":0,"menu_order":0,"comment_status":"closed","ping_status":"closed","template":"","meta":{"inline_featured_image":false,"footnotes":""},"class_list":["post-1422","page","type-page","status-publish","hentry","entry","no-media"],"yoast_head":"<!-- This site is optimized with the Yoast SEO plugin v27.4 - https:\/\/yoast.com\/product\/yoast-seo-wordpress\/ -->\n<title>Oups ! 404 page - Le Moulin d&#039;Avr\u00e9e<\/title>\n<meta name=\"robots\" content=\"index, follow, max-snippet:-1, max-image-preview:large, max-video-preview:-1\" \/>\n<link rel=\"canonical\" href=\"https:\/\/lemoulindavree.com\/fr\/oups-404-page\/\" \/>\n<meta property=\"og:locale\" content=\"fr_FR\" \/>\n<meta property=\"og:type\" content=\"article\" \/>\n<meta property=\"og:title\" content=\"Oups ! 404 page - Le Moulin d&#039;Avr\u00e9e\" \/>\n<meta property=\"og:description\" content=\"[vc_row full_width=\u00a0\u00bbstretch_row\u00a0\u00bb content_placement=\u00a0\u00bbmiddle\u00a0\u00bb column_spacing=\u00a0\u00bb60&Prime; full_height=\u00a0\u00bbyes\u00a0\u00bb equal_height=\u00a0\u00bbyes\u00a0\u00bb wpex_bg_overlay=\u00a0\u00bbcolor\u00a0\u00bb css=\u00a0\u00bb.vc_custom_1666766543791{background-image: url(http:\/\/lemoulindavree.com\/wp-content\/uploads\/2022\/10\/pexels-pixabay-158316-scaled.jpg?id=72) !important;background-position: center !important;background-repeat: no-repeat !important;background-size: cover !important;}\u00a0\u00bb wpex_bg_overlay_color=\u00a0\u00bb#742625&Prime; wpex_bg_overlay_opacity=\u00a0\u00bb0.50&Prime;][vc_column width=\u00a0\u00bb2\/3&Prime;][vc_column_text color=\u00a0\u00bb#fff6ed\u00a0\u00bb font_family=\u00a0\u00bbYeseva One\u00a0\u00bb letter_spacing=\u00a0\u00bbwide\u00a0\u00bb]Cette page n&rsquo;existe pas (plus)[\/vc_column_text][vc_row_inner remove_bottom_col_margin=\u00a0\u00bbtrue\u00a0\u00bb css=\u00a0\u00bb.vc_custom_1666767676428{margin-left: -30px !important;}\u00a0\u00bb][vc_column_inner width=\u00a0\u00bb1\/2&Prime;][\/vc_column_inner][vc_column_inner width=\u00a0\u00bb1\/2&Prime;][\/vc_column_inner][\/vc_row_inner][\/vc_column][vc_column width=\u00a0\u00bb1\/3&Prime;][\/vc_column][\/vc_row]\" \/>\n<meta property=\"og:url\" content=\"https:\/\/lemoulindavree.com\/fr\/oups-404-page\/\" \/>\n<meta property=\"og:site_name\" content=\"Le Moulin d&#039;Avr\u00e9e\" \/>\n<meta property=\"article:modified_time\" content=\"2024-03-28T10:24:27+00:00\" \/>\n<meta name=\"twitter:card\" content=\"summary_large_image\" \/>\n<meta name=\"twitter:label1\" content=\"Dur\u00e9e de lecture estim\u00e9e\" \/>\n\t<meta name=\"twitter:data1\" content=\"1 minute\" \/>\n<script type=\"application\/ld+json\" class=\"yoast-schema-graph\">{\"@context\":\"https:\\\/\\\/schema.org\",\"@graph\":[{\"@type\":\"WebPage\",\"@id\":\"https:\\\/\\\/lemoulindavree.com\\\/fr\\\/oups-404-page\\\/\",\"url\":\"https:\\\/\\\/lemoulindavree.com\\\/fr\\\/oups-404-page\\\/\",\"name\":\"Oups ! 404 page - Le Moulin d&#039;Avr\u00e9e\",\"isPartOf\":{\"@id\":\"https:\\\/\\\/lemoulindavree.com\\\/fr\\\/#website\"},\"datePublished\":\"2022-11-28T19:52:07+00:00\",\"dateModified\":\"2024-03-28T10:24:27+00:00\",\"breadcrumb\":{\"@id\":\"https:\\\/\\\/lemoulindavree.com\\\/fr\\\/oups-404-page\\\/#breadcrumb\"},\"inLanguage\":\"fr-FR\",\"potentialAction\":[{\"@type\":\"ReadAction\",\"target\":[\"https:\\\/\\\/lemoulindavree.com\\\/fr\\\/oups-404-page\\\/\"]}]},{\"@type\":\"BreadcrumbList\",\"@id\":\"https:\\\/\\\/lemoulindavree.com\\\/fr\\\/oups-404-page\\\/#breadcrumb\",\"itemListElement\":[{\"@type\":\"ListItem\",\"position\":1,\"name\":\"Home\",\"item\":\"https:\\\/\\\/lemoulindavree.com\\\/fr\\\/le-moulin-davree\\\/\"},{\"@type\":\"ListItem\",\"position\":2,\"name\":\"Oups ! 404 page\"}]},{\"@type\":\"WebSite\",\"@id\":\"https:\\\/\\\/lemoulindavree.com\\\/fr\\\/#website\",\"url\":\"https:\\\/\\\/lemoulindavree.com\\\/fr\\\/\",\"name\":\"Le Moulin d&#039;Avr\u00e9e\",\"description\":\"Een idyllische plek, ver weg van de bewoonde wereld.\",\"publisher\":{\"@id\":\"https:\\\/\\\/lemoulindavree.com\\\/fr\\\/#organization\"},\"potentialAction\":[{\"@type\":\"SearchAction\",\"target\":{\"@type\":\"EntryPoint\",\"urlTemplate\":\"https:\\\/\\\/lemoulindavree.com\\\/fr\\\/?s={search_term_string}\"},\"query-input\":{\"@type\":\"PropertyValueSpecification\",\"valueRequired\":true,\"valueName\":\"search_term_string\"}}],\"inLanguage\":\"fr-FR\"},{\"@type\":\"Organization\",\"@id\":\"https:\\\/\\\/lemoulindavree.com\\\/fr\\\/#organization\",\"name\":\"Le Moulin d&#039;Avr\u00e9e\",\"url\":\"https:\\\/\\\/lemoulindavree.com\\\/fr\\\/\",\"logo\":{\"@type\":\"ImageObject\",\"inLanguage\":\"fr-FR\",\"@id\":\"https:\\\/\\\/lemoulindavree.com\\\/fr\\\/#\\\/schema\\\/logo\\\/image\\\/\",\"url\":\"https:\\\/\\\/lemoulindavree.com\\\/wp-content\\\/uploads\\\/2024\\\/01\\\/Logo-Le-Moulin-dAvree-website-def-07-1.svg\",\"contentUrl\":\"https:\\\/\\\/lemoulindavree.com\\\/wp-content\\\/uploads\\\/2024\\\/01\\\/Logo-Le-Moulin-dAvree-website-def-07-1.svg\",\"caption\":\"Le Moulin d&#039;Avr\u00e9e\"},\"image\":{\"@id\":\"https:\\\/\\\/lemoulindavree.com\\\/fr\\\/#\\\/schema\\\/logo\\\/image\\\/\"}}]}<\/script>\n<!-- \/ Yoast SEO plugin. -->","yoast_head_json":{"title":"Oups ! 404 page - Le Moulin d&#039;Avr\u00e9e","robots":{"index":"index","follow":"follow","max-snippet":"max-snippet:-1","max-image-preview":"max-image-preview:large","max-video-preview":"max-video-preview:-1"},"canonical":"https:\/\/lemoulindavree.com\/fr\/oups-404-page\/","og_locale":"fr_FR","og_type":"article","og_title":"Oups ! 404 page - Le Moulin d&#039;Avr\u00e9e","og_description":"[vc_row full_width=\u00a0\u00bbstretch_row\u00a0\u00bb content_placement=\u00a0\u00bbmiddle\u00a0\u00bb column_spacing=\u00a0\u00bb60&Prime; full_height=\u00a0\u00bbyes\u00a0\u00bb equal_height=\u00a0\u00bbyes\u00a0\u00bb wpex_bg_overlay=\u00a0\u00bbcolor\u00a0\u00bb css=\u00a0\u00bb.vc_custom_1666766543791{background-image: url(http:\/\/lemoulindavree.com\/wp-content\/uploads\/2022\/10\/pexels-pixabay-158316-scaled.jpg?id=72) !important;background-position: center !important;background-repeat: no-repeat !important;background-size: cover !important;}\u00a0\u00bb wpex_bg_overlay_color=\u00a0\u00bb#742625&Prime; wpex_bg_overlay_opacity=\u00a0\u00bb0.50&Prime;][vc_column width=\u00a0\u00bb2\/3&Prime;][vc_column_text color=\u00a0\u00bb#fff6ed\u00a0\u00bb font_family=\u00a0\u00bbYeseva One\u00a0\u00bb letter_spacing=\u00a0\u00bbwide\u00a0\u00bb]Cette page n&rsquo;existe pas (plus)[\/vc_column_text][vc_row_inner remove_bottom_col_margin=\u00a0\u00bbtrue\u00a0\u00bb css=\u00a0\u00bb.vc_custom_1666767676428{margin-left: -30px !important;}\u00a0\u00bb][vc_column_inner width=\u00a0\u00bb1\/2&Prime;][\/vc_column_inner][vc_column_inner width=\u00a0\u00bb1\/2&Prime;][\/vc_column_inner][\/vc_row_inner][\/vc_column][vc_column width=\u00a0\u00bb1\/3&Prime;][\/vc_column][\/vc_row]","og_url":"https:\/\/lemoulindavree.com\/fr\/oups-404-page\/","og_site_name":"Le Moulin d&#039;Avr\u00e9e","article_modified_time":"2024-03-28T10:24:27+00:00","twitter_card":"summary_large_image","twitter_misc":{"Dur\u00e9e de lecture estim\u00e9e":"1 minute"},"schema":{"@context":"https:\/\/schema.org","@graph":[{"@type":"WebPage","@id":"https:\/\/lemoulindavree.com\/fr\/oups-404-page\/","url":"https:\/\/lemoulindavree.com\/fr\/oups-404-page\/","name":"Oups ! 404 page - Le Moulin d&#039;Avr\u00e9e","isPartOf":{"@id":"https:\/\/lemoulindavree.com\/fr\/#website"},"datePublished":"2022-11-28T19:52:07+00:00","dateModified":"2024-03-28T10:24:27+00:00","breadcrumb":{"@id":"https:\/\/lemoulindavree.com\/fr\/oups-404-page\/#breadcrumb"},"inLanguage":"fr-FR","potentialAction":[{"@type":"ReadAction","target":["https:\/\/lemoulindavree.com\/fr\/oups-404-page\/"]}]},{"@type":"BreadcrumbList","@id":"https:\/\/lemoulindavree.com\/fr\/oups-404-page\/#breadcrumb","itemListElement":[{"@type":"ListItem","position":1,"name":"Home","item":"https:\/\/lemoulindavree.com\/fr\/le-moulin-davree\/"},{"@type":"ListItem","position":2,"name":"Oups ! 404 page"}]},{"@type":"WebSite","@id":"https:\/\/lemoulindavree.com\/fr\/#website","url":"https:\/\/lemoulindavree.com\/fr\/","name":"Le Moulin d&#039;Avr\u00e9e","description":"Een idyllische plek, ver weg van de bewoonde wereld.","publisher":{"@id":"https:\/\/lemoulindavree.com\/fr\/#organization"},"potentialAction":[{"@type":"SearchAction","target":{"@type":"EntryPoint","urlTemplate":"https:\/\/lemoulindavree.com\/fr\/?s={search_term_string}"},"query-input":{"@type":"PropertyValueSpecification","valueRequired":true,"valueName":"search_term_string"}}],"inLanguage":"fr-FR"},{"@type":"Organization","@id":"https:\/\/lemoulindavree.com\/fr\/#organization","name":"Le Moulin d&#039;Avr\u00e9e","url":"https:\/\/lemoulindavree.com\/fr\/","logo":{"@type":"ImageObject","inLanguage":"fr-FR","@id":"https:\/\/lemoulindavree.com\/fr\/#\/schema\/logo\/image\/","url":"https:\/\/lemoulindavree.com\/wp-content\/uploads\/2024\/01\/Logo-Le-Moulin-dAvree-website-def-07-1.svg","contentUrl":"https:\/\/lemoulindavree.com\/wp-content\/uploads\/2024\/01\/Logo-Le-Moulin-dAvree-website-def-07-1.svg","caption":"Le Moulin d&#039;Avr\u00e9e"},"image":{"@id":"https:\/\/lemoulindavree.com\/fr\/#\/schema\/logo\/image\/"}}]}},"_links":{"self":[{"href":"https:\/\/lemoulindavree.com\/fr\/wp-json\/wp\/v2\/pages\/1422","targetHints":{"allow":["GET"]}}],"collection":[{"href":"https:\/\/lemoulindavree.com\/fr\/wp-json\/wp\/v2\/pages"}],"about":[{"href":"https:\/\/lemoulindavree.com\/fr\/wp-json\/wp\/v2\/types\/page"}],"author":[{"embeddable":true,"href":"https:\/\/lemoulindavree.com\/fr\/wp-json\/wp\/v2\/users\/1"}],"replies":[{"embeddable":true,"href":"https:\/\/lemoulindavree.com\/fr\/wp-json\/wp\/v2\/comments?post=1422"}],"version-history":[{"count":3,"href":"https:\/\/lemoulindavree.com\/fr\/wp-json\/wp\/v2\/pages\/1422\/revisions"}],"predecessor-version":[{"id":1430,"href":"https:\/\/lemoulindavree.com\/fr\/wp-json\/wp\/v2\/pages\/1422\/revisions\/1430"}],"wp:attachment":[{"href":"https:\/\/lemoulindavree.com\/fr\/wp-json\/wp\/v2\/media?parent=1422"}],"curies":[{"name":"wp","href":"https:\/\/api.w.org\/{rel}","templated":true}]}}